{"id":621,"date":"2025-07-20T19:38:45","date_gmt":"2025-07-20T18:38:45","guid":{"rendered":"https:\/\/exhaleclassicpilates.es\/?page_id=621"},"modified":"2026-04-15T11:27:10","modified_gmt":"2026-04-15T10:27:10","slug":"sandra-hernandez","status":"publish","type":"page","link":"https:\/\/exhaleclassicpilates.es\/en\/sandra-hernandez\/","title":{"rendered":"Sandra Hern\u00e1ndez"},"content":{"rendered":"<div data-elementor-type=\"wp-page\" data-elementor-id=\"621\" class=\"elementor elementor-621\" data-elementor-post-type=\"page\">\n\t\t\t\t<div class=\"elementor-element elementor-element-10f86ae e-flex e-con-boxed e-con e-parent\" data-id=\"10f86ae\" data-element_type=\"container\" data-e-type=\"container\">\n\t\t\t\t\t<div class=\"e-con-inner\">\n\t\t<div class=\"elementor-element elementor-element-7d0c1925 e-con-full e-flex e-con e-child\" data-id=\"7d0c1925\" data-element_type=\"container\" data-e-type=\"container\">\n\t\t<div class=\"elementor-element elementor-element-2d03bfca e-con-full e-flex e-con e-child\" data-id=\"2d03bfca\" data-element_type=\"container\" data-e-type=\"container\">\n\t\t\t\t<div class=\"elementor-element elementor-element-1ddba37c elementor-invisible elementor-widget elementor-widget-text-editor\" data-id=\"1ddba37c\" data-element_type=\"widget\" data-e-type=\"widget\" data-settings=\"{&quot;_animation&quot;:&quot;fadeIn&quot;}\" data-widget_type=\"text-editor.default\">\n\t\t\t\t<div class=\"elementor-widget-container\">\n\t\t\t\t\t\t\t\t\t<p>my story\u00a0<\/p>\t\t\t\t\t\t\t\t<\/div>\n\t\t\t\t<\/div>\n\t\t\t\t<div class=\"elementor-element elementor-element-a1bee2 elementor-invisible elementor-widget elementor-widget-heading\" data-id=\"a1bee2\" data-element_type=\"widget\" data-e-type=\"widget\" data-settings=\"{&quot;_animation&quot;:&quot;fadeIn&quot;,&quot;_animation_delay&quot;:200}\" data-widget_type=\"heading.default\">\n\t\t\t\t<div class=\"elementor-widget-container\">\n\t\t\t\t\t<h1 class=\"elementor-heading-title elementor-size-default\">About Sandra Hern\u00e1ndez <\/h1>\t\t\t\t<\/div>\n\t\t\t\t<\/div>\n\t\t\t\t<\/div>\n\t\t<div class=\"elementor-element elementor-element-406a3b44 e-con-full e-flex e-con e-child\" data-id=\"406a3b44\" data-element_type=\"container\" data-e-type=\"container\">\n\t\t\t\t<div class=\"elementor-element elementor-element-4c4f661a elementor-invisible elementor-widget elementor-widget-text-editor\" data-id=\"4c4f661a\" data-element_type=\"widget\" data-e-type=\"widget\" data-settings=\"{&quot;_animation&quot;:&quot;fadeIn&quot;,&quot;_animation_delay&quot;:400}\" data-widget_type=\"text-editor.default\">\n\t\t\t\t<div class=\"elementor-widget-container\">\n\t\t\t\t\t\t\t\t\t<p>I am <strong data-start=\"230\" data-end=\"250\">Sandra Hern\u00e1ndez<\/strong>, <strong data-start=\"252\" data-end=\"298\">trainer and passionate about Classical Pilates<\/strong>. For over 18 years, movement and wellness have been the driving force in my life. My career began in the world of sport, where I was an athlete and competitor. However, it was when I discovered the <strong data-start=\"495\" data-end=\"524\">Classical Pilates Method<\/strong> when I found the true connection between body, mind and health.<\/p>\t\t\t\t\t\t\t\t<\/div>\n\t\t\t\t<\/div>\n\t\t\t\t<\/div>\n\t\t\t\t<\/div>\n\t\t<div class=\"elementor-element elementor-element-766d63cc e-con-full e-flex e-con e-child\" data-id=\"766d63cc\" data-element_type=\"container\" data-e-type=\"container\">\n\t\t<div class=\"elementor-element elementor-element-7a241105 e-con-full e-flex e-con e-child\" data-id=\"7a241105\" data-element_type=\"container\" data-e-type=\"container\">\n\t\t\t\t<div class=\"elementor-element elementor-element-40087053 elementor-invisible elementor-widget elementor-widget-image\" data-id=\"40087053\" data-element_type=\"widget\" data-e-type=\"widget\" data-settings=\"{&quot;_animation&quot;:&quot;fadeIn&quot;,&quot;_animation_delay&quot;:200}\" data-widget_type=\"image.default\">\n\t\t\t\t<div class=\"elementor-widget-container\">\n\t\t\t\t\t\t\t\t\t\t\t\t\t\t\t<img fetchpriority=\"high\" decoding=\"async\" width=\"800\" height=\"600\" src=\"https:\/\/exhaleclassicpilates.es\/wp-content\/uploads\/2026\/04\/IMG_8469-2-1024x768.jpg\" class=\"attachment-large size-large wp-image-1155\" alt=\"IMG 8469 (2)\" srcset=\"https:\/\/exhaleclassicpilates.es\/wp-content\/uploads\/2026\/04\/IMG_8469-2-1024x768.jpg 1024w, https:\/\/exhaleclassicpilates.es\/wp-content\/uploads\/2026\/04\/IMG_8469-2-300x225.jpg 300w, https:\/\/exhaleclassicpilates.es\/wp-content\/uploads\/2026\/04\/IMG_8469-2-768x576.jpg 768w, https:\/\/exhaleclassicpilates.es\/wp-content\/uploads\/2026\/04\/IMG_8469-2-1536x1152.jpg 1536w, https:\/\/exhaleclassicpilates.es\/wp-content\/uploads\/2026\/04\/IMG_8469-2-16x12.jpg 16w, https:\/\/exhaleclassicpilates.es\/wp-content\/uploads\/2026\/04\/IMG_8469-2.jpg 1920w\" sizes=\"(max-width: 800px) 100vw, 800px\" title=\"\">\t\t\t\t\t\t\t\t\t\t\t\t\t\t\t<\/div>\n\t\t\t\t<\/div>\n\t\t\t\t<div class=\"elementor-element elementor-element-616ea6e2 elementor-invisible elementor-widget elementor-widget-text-editor\" data-id=\"616ea6e2\" data-element_type=\"widget\" data-e-type=\"widget\" data-settings=\"{&quot;_animation&quot;:&quot;fadeIn&quot;,&quot;_animation_delay&quot;:600}\" data-widget_type=\"text-editor.default\">\n\t\t\t\t<div class=\"elementor-widget-container\">\n\t\t\t\t\t\t\t\t\t<p data-start=\"644\" data-end=\"1003\">My experience in the world of Pilates began eight years ago, when I discovered the <strong data-start=\"726\" data-end=\"741\">Contrology<\/strong>, the original system created by <strong data-start=\"774\" data-end=\"792\">Joseph Pilates<\/strong>. Since then, I have not only dedicated myself to teaching, but also to <strong data-start=\"851\" data-end=\"860\">live<\/strong> this method, which has given me a deep understanding of how the body works and how it can heal, strengthen and align every part of the body.<\/p><p data-start=\"1005\" data-end=\"1258\">Through the <strong data-start=\"1020\" data-end=\"1045\">original equipment<\/strong>, as <strong data-start=\"1052\" data-end=\"1083\">piers, reformers and towers<\/strong>, In each exercise, we work with precision, seeking not only to improve strength, but also to improve the <strong data-start=\"1181\" data-end=\"1197\">flexibility<\/strong>, the <strong data-start=\"1202\" data-end=\"1213\">position<\/strong> and, most importantly, holistic wellbeing.<\/p>\t\t\t\t\t\t\t\t<\/div>\n\t\t\t\t<\/div>\n\t\t\t\t<\/div>\n\t\t<div class=\"elementor-element elementor-element-1f8beda3 e-con-full e-flex e-con e-child\" data-id=\"1f8beda3\" data-element_type=\"container\" data-e-type=\"container\">\n\t\t\t\t<div class=\"elementor-element elementor-element-792b17c3 elementor-invisible elementor-widget elementor-widget-image\" data-id=\"792b17c3\" data-element_type=\"widget\" data-e-type=\"widget\" data-settings=\"{&quot;_animation&quot;:&quot;fadeIn&quot;,&quot;_animation_delay&quot;:400}\" data-widget_type=\"image.default\">\n\t\t\t\t<div class=\"elementor-widget-container\">\n\t\t\t\t\t\t\t\t\t\t\t\t\t\t\t<img decoding=\"async\" width=\"768\" height=\"1024\" src=\"https:\/\/exhaleclassicpilates.es\/wp-content\/uploads\/2026\/04\/IMG_8553-1-768x1024.jpg\" class=\"attachment-large size-large wp-image-1156\" alt=\"IMG 8553 (1)\" srcset=\"https:\/\/exhaleclassicpilates.es\/wp-content\/uploads\/2026\/04\/IMG_8553-1-768x1024.jpg 768w, https:\/\/exhaleclassicpilates.es\/wp-content\/uploads\/2026\/04\/IMG_8553-1-225x300.jpg 225w, https:\/\/exhaleclassicpilates.es\/wp-content\/uploads\/2026\/04\/IMG_8553-1-1152x1536.jpg 1152w, https:\/\/exhaleclassicpilates.es\/wp-content\/uploads\/2026\/04\/IMG_8553-1-9x12.jpg 9w, https:\/\/exhaleclassicpilates.es\/wp-content\/uploads\/2026\/04\/IMG_8553-1.jpg 1440w\" sizes=\"(max-width: 768px) 100vw, 768px\" title=\"\">\t\t\t\t\t\t\t\t\t\t\t\t\t\t\t<\/div>\n\t\t\t\t<\/div>\n\t\t\t\t<\/div>\n\t\t\t\t<\/div>\n\t\t\t\t\t<\/div>\n\t\t\t\t<\/div>\n\t\t<div class=\"elementor-element elementor-element-61a73a18 e-flex e-con-boxed e-con e-parent\" data-id=\"61a73a18\" data-element_type=\"container\" data-e-type=\"container\" data-settings=\"{&quot;background_background&quot;:&quot;classic&quot;}\">\n\t\t\t\t\t<div class=\"e-con-inner\">\n\t\t\t\t<div class=\"elementor-element elementor-element-ddb1153 elementor-widget elementor-widget-image\" data-id=\"ddb1153\" data-element_type=\"widget\" data-e-type=\"widget\" data-widget_type=\"image.default\">\n\t\t\t\t<div class=\"elementor-widget-container\">\n\t\t\t\t\t\t\t\t\t\t\t\t\t\t\t<img decoding=\"async\" width=\"800\" height=\"320\" src=\"https:\/\/exhaleclassicpilates.es\/wp-content\/uploads\/2022\/11\/ExhaleDescriptionLight.png\" class=\"attachment-large size-large wp-image-530\" alt=\"Exhale Logo White Complete\" srcset=\"https:\/\/exhaleclassicpilates.es\/wp-content\/uploads\/2022\/11\/ExhaleDescriptionLight.png 872w, https:\/\/exhaleclassicpilates.es\/wp-content\/uploads\/2022\/11\/ExhaleDescriptionLight-300x120.png 300w, https:\/\/exhaleclassicpilates.es\/wp-content\/uploads\/2022\/11\/ExhaleDescriptionLight-768x307.png 768w, https:\/\/exhaleclassicpilates.es\/wp-content\/uploads\/2022\/11\/ExhaleDescriptionLight-18x7.png 18w\" sizes=\"(max-width: 800px) 100vw, 800px\" title=\"\">\t\t\t\t\t\t\t\t\t\t\t\t\t\t\t<\/div>\n\t\t\t\t<\/div>\n\t\t\t\t\t<\/div>\n\t\t\t\t<\/div>\n\t\t<div class=\"elementor-element elementor-element-683ba5c3 e-flex e-con-boxed e-con e-parent\" data-id=\"683ba5c3\" data-element_type=\"container\" data-e-type=\"container\" data-settings=\"{&quot;background_background&quot;:&quot;classic&quot;}\">\n\t\t\t\t\t<div class=\"e-con-inner\">\n\t\t\t\t<div class=\"elementor-element elementor-element-270856b9 elementor-invisible elementor-widget elementor-widget-text-editor\" data-id=\"270856b9\" data-element_type=\"widget\" data-e-type=\"widget\" data-settings=\"{&quot;_animation&quot;:&quot;fadeIn&quot;}\" data-widget_type=\"text-editor.default\">\n\t\t\t\t<div class=\"elementor-widget-container\">\n\t\t\t\t\t\t\t\t\t<p>Sharing the method<\/p>\t\t\t\t\t\t\t\t<\/div>\n\t\t\t\t<\/div>\n\t\t\t\t<div class=\"elementor-element elementor-element-50782394 elementor-widget__width-initial elementor-invisible elementor-widget elementor-widget-heading\" data-id=\"50782394\" data-element_type=\"widget\" data-e-type=\"widget\" data-settings=\"{&quot;_animation&quot;:&quot;fadeIn&quot;,&quot;_animation_delay&quot;:200}\" data-widget_type=\"heading.default\">\n\t\t\t\t<div class=\"elementor-widget-container\">\n\t\t\t\t\t<h2 class=\"elementor-heading-title elementor-size-default\">A Personalised Approach for Every Learner<\/h2>\t\t\t\t<\/div>\n\t\t\t\t<\/div>\n\t\t\t\t<div class=\"elementor-element elementor-element-eabbf44 elementor-widget__width-initial elementor-widget-mobile__width-inherit elementor-invisible elementor-widget elementor-widget-text-editor\" data-id=\"eabbf44\" data-element_type=\"widget\" data-e-type=\"widget\" data-settings=\"{&quot;_animation&quot;:&quot;fadeIn&quot;}\" data-widget_type=\"text-editor.default\">\n\t\t\t\t<div class=\"elementor-widget-container\">\n\t\t\t\t\t\t\t\t\t<p data-start=\"1316\" data-end=\"1654\">What made me fall in love with Classical Pilates was its ability to transform the body from the inside out. In my studio, every class is tailored to individual needs, because <strong data-start=\"1502\" data-end=\"1532\">no two bodies are the same<\/strong>. My approach is to work with <strong data-start=\"1561\" data-end=\"1587\">personalised attention<\/strong>, I make sure that each student gets what he or she really needs.<\/p><p data-start=\"1656\" data-end=\"1921\">Whether you're looking to improve your posture, relieve tension or <strong data-start=\"1715\" data-end=\"1749\">repositioning your internal organs<\/strong> to improve your digestion, Classical Pilates can help you. What you learn here can be applied to your everyday life, creating a foundation of wellbeing that will stay with you forever.<\/p>\t\t\t\t\t\t\t\t<\/div>\n\t\t\t\t<\/div>\n\t\t\t\t<div class=\"elementor-element elementor-element-7d35b47 elementor-arrows-position-inside elementor-pagination-position-outside elementor-widget elementor-widget-image-carousel\" data-id=\"7d35b47\" data-element_type=\"widget\" data-e-type=\"widget\" data-settings=\"{&quot;slides_to_show&quot;:&quot;4&quot;,&quot;navigation&quot;:&quot;both&quot;,&quot;autoplay&quot;:&quot;yes&quot;,&quot;pause_on_hover&quot;:&quot;yes&quot;,&quot;pause_on_interaction&quot;:&quot;yes&quot;,&quot;autoplay_speed&quot;:5000,&quot;infinite&quot;:&quot;yes&quot;,&quot;speed&quot;:500,&quot;image_spacing_custom&quot;:{&quot;unit&quot;:&quot;px&quot;,&quot;size&quot;:20,&quot;sizes&quot;:[]},&quot;image_spacing_custom_tablet&quot;:{&quot;unit&quot;:&quot;px&quot;,&quot;size&quot;:&quot;&quot;,&quot;sizes&quot;:[]},&quot;image_spacing_custom_mobile&quot;:{&quot;unit&quot;:&quot;px&quot;,&quot;size&quot;:&quot;&quot;,&quot;sizes&quot;:[]}}\" data-widget_type=\"image-carousel.default\">\n\t\t\t\t<div class=\"elementor-widget-container\">\n\t\t\t\t\t\t\t<div class=\"elementor-image-carousel-wrapper swiper\" role=\"region\" aria-roledescription=\"carousel\" aria-label=\"Carousel of images\" dir=\"ltr\">\n\t\t\t<div class=\"elementor-image-carousel swiper-wrapper\" aria-live=\"off\">\n\t\t\t\t\t\t\t\t<div class=\"swiper-slide\" role=\"group\" aria-roledescription=\"slide\" aria-label=\"1 of 6\"><figure class=\"swiper-slide-inner\"><img decoding=\"async\" class=\"swiper-slide-image\" src=\"https:\/\/exhaleclassicpilates.es\/wp-content\/uploads\/2026\/04\/IMG_8548-1-768x1024.jpg\" alt=\"IMG 8548 (1)\" title=\"\"><\/figure><\/div><div class=\"swiper-slide\" role=\"group\" aria-roledescription=\"slide\" aria-label=\"2 of 6\"><figure class=\"swiper-slide-inner\"><img decoding=\"async\" class=\"swiper-slide-image\" src=\"https:\/\/exhaleclassicpilates.es\/wp-content\/uploads\/2026\/04\/IMG_8717-768x1024.jpg\" alt=\"IMG 8717\" title=\"\"><\/figure><\/div><div class=\"swiper-slide\" role=\"group\" aria-roledescription=\"slide\" aria-label=\"3 of 6\"><figure class=\"swiper-slide-inner\"><img decoding=\"async\" class=\"swiper-slide-image\" src=\"https:\/\/exhaleclassicpilates.es\/wp-content\/uploads\/2026\/04\/Centro-768x1024.jpg\" alt=\"Centre\" title=\"\"><\/figure><\/div><div class=\"swiper-slide\" role=\"group\" aria-roledescription=\"slide\" aria-label=\"4 of 6\"><figure class=\"swiper-slide-inner\"><img decoding=\"async\" class=\"swiper-slide-image\" src=\"https:\/\/exhaleclassicpilates.es\/wp-content\/uploads\/2026\/04\/IMG_8683-768x1024.jpg\" alt=\"IMG 8683\" title=\"\"><\/figure><\/div><div class=\"swiper-slide\" role=\"group\" aria-roledescription=\"slide\" aria-label=\"5 of 6\"><figure class=\"swiper-slide-inner\"><img decoding=\"async\" class=\"swiper-slide-image\" src=\"https:\/\/exhaleclassicpilates.es\/wp-content\/uploads\/2026\/04\/IMG_8712-768x1024.jpg\" alt=\"IMG 8712\" title=\"\"><\/figure><\/div><div class=\"swiper-slide\" role=\"group\" aria-roledescription=\"slide\" aria-label=\"6 of 6\"><figure class=\"swiper-slide-inner\"><img decoding=\"async\" class=\"swiper-slide-image\" src=\"https:\/\/exhaleclassicpilates.es\/wp-content\/uploads\/2026\/04\/IMG_8667-768x1024.jpg\" alt=\"IMG 8667\" title=\"\"><\/figure><\/div>\t\t\t<\/div>\n\t\t\t\t\t\t\t\t\t\t\t\t<div class=\"elementor-swiper-button elementor-swiper-button-prev\" role=\"button\" tabindex=\"0\">\n\t\t\t\t\t\t<i aria-hidden=\"true\" class=\"eicon-chevron-left\"><\/i>\t\t\t\t\t<\/div>\n\t\t\t\t\t<div class=\"elementor-swiper-button elementor-swiper-button-next\" role=\"button\" tabindex=\"0\">\n\t\t\t\t\t\t<i aria-hidden=\"true\" class=\"eicon-chevron-right\"><\/i>\t\t\t\t\t<\/div>\n\t\t\t\t\n\t\t\t\t\t\t\t\t\t<div class=\"swiper-pagination\"><\/div>\n\t\t\t\t\t\t\t\t\t<\/div>\n\t\t\t\t\t\t<\/div>\n\t\t\t\t<\/div>\n\t\t\t\t\t<\/div>\n\t\t\t\t<\/div>\n\t\t<div class=\"elementor-element elementor-element-4cea9653 e-flex e-con-boxed e-con e-parent\" data-id=\"4cea9653\" data-element_type=\"container\" data-e-type=\"container\">\n\t\t\t\t\t<div class=\"e-con-inner\">\n\t\t\t\t<div class=\"elementor-element elementor-element-2a5129a elementor-invisible elementor-widget elementor-widget-text-editor\" data-id=\"2a5129a\" data-element_type=\"widget\" data-e-type=\"widget\" data-settings=\"{&quot;_animation&quot;:&quot;fadeIn&quot;}\" data-widget_type=\"text-editor.default\">\n\t\t\t\t<div class=\"elementor-widget-container\">\n\t\t\t\t\t\t\t\t\t<p>Start now<\/p>\t\t\t\t\t\t\t\t<\/div>\n\t\t\t\t<\/div>\n\t\t\t\t<div class=\"elementor-element elementor-element-30ecac76 elementor-widget__width-initial elementor-invisible elementor-widget elementor-widget-heading\" data-id=\"30ecac76\" data-element_type=\"widget\" data-e-type=\"widget\" data-settings=\"{&quot;_animation&quot;:&quot;fadeIn&quot;,&quot;_animation_delay&quot;:200}\" data-widget_type=\"heading.default\">\n\t\t\t\t<div class=\"elementor-widget-container\">\n\t\t\t\t\t<h2 class=\"elementor-heading-title elementor-size-default\">Start with Exhale Classic Pilates in Puerto de la Cruz<\/h2>\t\t\t\t<\/div>\n\t\t\t\t<\/div>\n\t\t\t\t<div class=\"elementor-element elementor-element-5ea716f elementor-widget__width-initial elementor-widget-mobile__width-inherit elementor-widget elementor-widget-text-editor\" data-id=\"5ea716f\" data-element_type=\"widget\" data-e-type=\"widget\" data-widget_type=\"text-editor.default\">\n\t\t\t\t<div class=\"elementor-widget-container\">\n\t\t\t\t\t\t\t\t\t<p>If you are ready to <strong data-start=\"2304\" data-end=\"2325\">know your body<\/strong> and improve your overall wellbeing, I invite you to take the first step with me. Let's start this journey through Classical Pilates.<\/p>\t\t\t\t\t\t\t\t<\/div>\n\t\t\t\t<\/div>\n\t\t\t\t<div class=\"elementor-element elementor-element-1ca7d11 elementor-align-center elementor-widget elementor-widget-button\" data-id=\"1ca7d11\" data-element_type=\"widget\" data-e-type=\"widget\" data-widget_type=\"button.default\">\n\t\t\t\t<div class=\"elementor-widget-container\">\n\t\t\t\t\t\t\t\t\t<div class=\"elementor-button-wrapper\">\n\t\t\t\t\t<a class=\"elementor-button elementor-button-link elementor-size-sm\" href=\"https:\/\/wa.me\/34603699299?text=Quiero%20mi%20primera%20sesion%20de%20valoracion%20postural\" rel=\"nofollow noopener\" target=\"_blank\">\n\t\t\t\t\t\t<span class=\"elementor-button-content-wrapper\">\n\t\t\t\t\t\t\t\t\t<span class=\"elementor-button-text\">I want my postural assessment<\/span>\n\t\t\t\t\t<\/span>\n\t\t\t\t\t<\/a>\n\t\t\t\t<\/div>\n\t\t\t\t\t\t\t\t<\/div>\n\t\t\t\t<\/div>\n\t\t\t\t\t<\/div>\n\t\t\t\t<\/div>\n\t\t\t\t<\/div>","protected":false},"excerpt":{"rendered":"<p>mi historia\u00a0 Sobre Sandra Hern\u00e1ndez Soy Sandra Hern\u00e1ndez, formadora y apasionada del Pilates Cl\u00e1sico. Desde hace m\u00e1s de 18 a\u00f1os, el movimiento y el bienestar han sido el motor de mi vida. Mi carrera comenz\u00f3 en el mundo del deporte, donde fui atleta y competidora. Sin embargo, fue al descubrir el M\u00e9todo Cl\u00e1sico de Pilates [&hellip;]<\/p>\n","protected":false},"author":2,"featured_media":0,"parent":0,"menu_order":0,"comment_status":"closed","ping_status":"closed","template":"","meta":{"footnotes":""},"class_list":["post-621","page","type-page","status-publish","hentry"],"_links":{"self":[{"href":"https:\/\/exhaleclassicpilates.es\/en\/wp-json\/wp\/v2\/pages\/621","targetHints":{"allow":["GET"]}}],"collection":[{"href":"https:\/\/exhaleclassicpilates.es\/en\/wp-json\/wp\/v2\/pages"}],"about":[{"href":"https:\/\/exhaleclassicpilates.es\/en\/wp-json\/wp\/v2\/types\/page"}],"author":[{"embeddable":true,"href":"https:\/\/exhaleclassicpilates.es\/en\/wp-json\/wp\/v2\/users\/2"}],"replies":[{"embeddable":true,"href":"https:\/\/exhaleclassicpilates.es\/en\/wp-json\/wp\/v2\/comments?post=621"}],"version-history":[{"count":5,"href":"https:\/\/exhaleclassicpilates.es\/en\/wp-json\/wp\/v2\/pages\/621\/revisions"}],"predecessor-version":[{"id":1232,"href":"https:\/\/exhaleclassicpilates.es\/en\/wp-json\/wp\/v2\/pages\/621\/revisions\/1232"}],"wp:attachment":[{"href":"https:\/\/exhaleclassicpilates.es\/en\/wp-json\/wp\/v2\/media?parent=621"}],"curies":[{"name":"wp","href":"https:\/\/api.w.org\/{rel}","templated":true}]}}